{"id":82621,"date":"2024-07-04T09:33:43","date_gmt":"2024-07-04T09:33:43","guid":{"rendered":"https:\/\/wordpress.zozothemes.com\/finxpert\/our-services-copy-2\/"},"modified":"2025-12-01T21:29:29","modified_gmt":"2025-12-01T21:29:29","slug":"contactanos","status":"publish","type":"page","link":"https:\/\/gemex.mx\/en\/contactanos\/","title":{"rendered":"Contact us"},"content":{"rendered":"<div data-elementor-type=\"wp-page\" data-elementor-id=\"82621\" class=\"elementor elementor-82621\">\n\t\t\t\t<div class=\"elementor-element elementor-element-59d164cb e-flex e-con-boxed e-con e-parent\" data-id=\"59d164cb\" data-element_type=\"container\">\n\t\t\t\t\t<div class=\"e-con-inner\">\n\t\t<div class=\"elementor-element elementor-element-76e91716 e-con-full e-flex e-con e-child\" data-id=\"76e91716\" data-element_type=\"container\">\n\t\t<div class=\"elementor-element elementor-element-1a825531 e-con-full cus-hover-eft e-flex e-con e-child\" data-id=\"1a825531\" data-element_type=\"container\" data-settings=\"{&quot;background_background&quot;:&quot;classic&quot;}\">\n\t\t\t\t<div class=\"elementor-element elementor-element-762f85f9 cea-view-default elementor-widget elementor-widget-ceafeaturebox\" data-id=\"762f85f9\" data-element_type=\"widget\" data-widget_type=\"ceafeaturebox.default\">\n\t\t\t\t<div class=\"elementor-widget-container feature-box-wrapper feature-box-default\">\n\t\t\t<div class=\"feature-box-inner\"><div class=\"fbox-number\">01<\/div><figure class=\"cea-feature-box-img\"><img decoding=\"async\" width=\"80\" height=\"80\" src=\"https:\/\/gemex.mx\/wp-content\/uploads\/2024\/09\/mail-icon-80x80.png\" class=\"attachment-thumbnail size-thumbnail\" alt=\"\" srcset=\"https:\/\/gemex.mx\/wp-content\/uploads\/2024\/09\/mail-icon-80x80.png 80w, https:\/\/gemex.mx\/wp-content\/uploads\/2024\/09\/mail-icon.png 256w\" sizes=\"(max-width: 80px) 100vw, 80px\" \/><\/figure><h4 class=\"feature-box-title\">Email<\/h4><div class=\"fbox-content\"><a href=\"mailto:contacto@gemex.mx\">contacto@gemex.mx<\/a>\n<\/div><\/div>\t\t<\/div>\n\t\t\t\t<\/div>\n\t\t\t\t<\/div>\n\t\t<div class=\"elementor-element elementor-element-734aaf94 e-con-full cus-hover-eft e-flex e-con e-child\" data-id=\"734aaf94\" data-element_type=\"container\" data-settings=\"{&quot;background_background&quot;:&quot;classic&quot;}\">\n\t\t\t\t<div class=\"elementor-element elementor-element-7b1105ec cea-view-default elementor-widget elementor-widget-ceafeaturebox\" data-id=\"7b1105ec\" data-element_type=\"widget\" data-widget_type=\"ceafeaturebox.default\">\n\t\t\t\t<div class=\"elementor-widget-container feature-box-wrapper feature-box-default\">\n\t\t\t<div class=\"feature-box-inner\"><div class=\"fbox-number\">02<\/div><figure class=\"cea-feature-box-img\"><img decoding=\"async\" width=\"80\" height=\"80\" src=\"https:\/\/gemex.mx\/wp-content\/uploads\/2024\/09\/location-80x80.png\" class=\"attachment-thumbnail size-thumbnail\" alt=\"\" srcset=\"https:\/\/gemex.mx\/wp-content\/uploads\/2024\/09\/location-80x80.png 80w, https:\/\/gemex.mx\/wp-content\/uploads\/2024\/09\/location.png 256w\" sizes=\"(max-width: 80px) 100vw, 80px\" \/><\/figure><h4 class=\"feature-box-title\">Location<\/h4><div class=\"fbox-content\">Bosque de Duraznos 61 INT 9C Bosque de las Lomas 11700, Ciudad de M\u00e9xico M\u00e9xico<\/div><\/div>\t\t<\/div>\n\t\t\t\t<\/div>\n\t\t\t\t<\/div>\n\t\t<div class=\"elementor-element elementor-element-64fb0ccf e-con-full cus-hover-eft e-flex e-con e-child\" data-id=\"64fb0ccf\" data-element_type=\"container\" data-settings=\"{&quot;background_background&quot;:&quot;classic&quot;}\">\n\t\t\t\t<div class=\"elementor-element elementor-element-6972837 cea-view-default elementor-widget elementor-widget-ceafeaturebox\" data-id=\"6972837\" data-element_type=\"widget\" data-widget_type=\"ceafeaturebox.default\">\n\t\t\t\t<div class=\"elementor-widget-container feature-box-wrapper feature-box-default\">\n\t\t\t<div class=\"feature-box-inner\"><div class=\"fbox-number\">03<\/div><figure class=\"cea-feature-box-img\"><img decoding=\"async\" width=\"80\" height=\"80\" src=\"https:\/\/gemex.mx\/wp-content\/uploads\/2024\/09\/telephone-80x80.png\" class=\"attachment-thumbnail size-thumbnail\" alt=\"\" srcset=\"https:\/\/gemex.mx\/wp-content\/uploads\/2024\/09\/telephone-80x80.png 80w, https:\/\/gemex.mx\/wp-content\/uploads\/2024\/09\/telephone.png 256w\" sizes=\"(max-width: 80px) 100vw, 80px\" \/><\/figure><h4 class=\"feature-box-title\">Telphone<\/h4><div class=\"fbox-content\"><a href=\"tel:+525565990600\">(+52) 55 6599 0600<\/a>\n<\/div><\/div>\t\t<\/div>\n\t\t\t\t<\/div>\n\t\t\t\t<\/div>\n\t\t\t\t<\/div>\n\t\t\t\t\t<\/div>\n\t\t\t\t<\/div>\n\t\t<div class=\"elementor-element elementor-element-1ba2ef58 e-flex e-con-boxed e-con e-parent\" data-id=\"1ba2ef58\" data-element_type=\"container\">\n\t\t\t\t\t<div class=\"e-con-inner\">\n\t\t<div class=\"elementor-element elementor-element-5317f304 e-flex e-con-boxed e-con e-child\" data-id=\"5317f304\" data-element_type=\"container\" data-settings=\"{&quot;background_background&quot;:&quot;classic&quot;}\">\n\t\t\t\t\t<div class=\"e-con-inner\">\n\t\t<div class=\"elementor-element elementor-element-13463a2c e-con-full e-flex e-con e-child\" data-id=\"13463a2c\" data-element_type=\"container\" data-settings=\"{&quot;background_background&quot;:&quot;classic&quot;}\">\n\t\t\t\t<div class=\"elementor-element elementor-element-1bb01192 cea-tablet-align-center elementor-widget elementor-widget-ceasectiontitle\" data-id=\"1bb01192\" data-element_type=\"widget\" data-widget_type=\"ceasectiontitle.default\">\n\t\t\t\t<div class=\"elementor-widget-container\">\n\t\t\t\t\t<div class=\"section-title-wrapper\"><div class=\"title-wrap\"><h6 class=\"section-title\"><\/h6><h5 class=\"sub-title\"><span class=\"subtitle-dots\">If you have any questions, please fill out the form below and we will get back to you as soon as possible.<\/span><\/h5><\/div><!-- .title-wrap --><div class=\"section-description\"><\/div><!-- .section-description --><\/div><!-- .section-title-wrapper -->\t\t\t\t<\/div>\n\t\t\t\t<\/div>\n\t\t\t\t<div class=\"elementor-element elementor-element-41a60ad2 elementor-widget elementor-widget-contactform\" data-id=\"41a60ad2\" data-element_type=\"widget\" data-widget_type=\"contactform.default\">\n\t\t\t\t<div class=\"elementor-widget-container\">\n\t\t\t\t\t<div class=\"contact-form-wrapper cf-style-classic\"><div class=\"contact-form\">\n<div class=\"wpcf7 no-js\" id=\"wpcf7-f17016-o1\" lang=\"en-US\" dir=\"ltr\" data-wpcf7-id=\"17016\">\n<div class=\"screen-reader-response\"><p role=\"status\" aria-live=\"polite\" aria-atomic=\"true\"><\/p> <ul><\/ul><\/div>\n<form action=\"\/en\/wp-json\/wp\/v2\/pages\/82621#wpcf7-f17016-o1\" method=\"post\" class=\"wpcf7-form init\" aria-label=\"Contact form\" novalidate=\"novalidate\" data-status=\"init\" data-trp-original-action=\"\/en\/wp-json\/wp\/v2\/pages\/82621#wpcf7-f17016-o1\">\n<fieldset class=\"hidden-fields-container\"><input type=\"hidden\" name=\"_wpcf7\" value=\"17016\" \/><input type=\"hidden\" name=\"_wpcf7_version\" value=\"6.1.1\" \/><input type=\"hidden\" name=\"_wpcf7_locale\" value=\"en_US\" \/><input type=\"hidden\" name=\"_wpcf7_unit_tag\" value=\"wpcf7-f17016-o1\" \/><input type=\"hidden\" name=\"_wpcf7_container_post\" value=\"0\" \/><input type=\"hidden\" name=\"_wpcf7_posted_data_hash\" value=\"\" \/><input type=\"hidden\" name=\"_wpcf7_recaptcha_response\" value=\"\" \/>\n<\/fieldset>\n<div class=\"row\">\n\t<div class=\"col-md-12\">\n\t\t<p><span class=\"wpcf7-form-control-wrap\" data-name=\"your-name\"><input size=\"40\" maxlength=\"400\" class=\"wpcf7-form-control wpcf7-text wpcf7-validates-as-required\" aria-required=\"true\" aria-invalid=\"false\" placeholder=\"Name*\" value=\"\" type=\"text\" name=\"your-name\" \/><\/span>\n\t\t<\/p>\n\t<\/div>\n\t<div class=\"col-md-12\">\n\t\t<p><span class=\"wpcf7-form-control-wrap\" data-name=\"tel-52\"><input size=\"40\" maxlength=\"400\" class=\"wpcf7-form-control wpcf7-tel wpcf7-text wpcf7-validates-as-tel\" aria-invalid=\"false\" placeholder=\"Telephone\" value=\"\" type=\"tel\" name=\"tel-52\" \/><\/span>\n\t\t<\/p>\n\t<\/div>\n\t<div class=\"col-md-12\">\n\t\t<p><span class=\"wpcf7-form-control-wrap\" data-name=\"your-email\"><input size=\"40\" maxlength=\"400\" class=\"wpcf7-form-control wpcf7-email wpcf7-validates-as-required wpcf7-text wpcf7-validates-as-email\" aria-required=\"true\" aria-invalid=\"false\" placeholder=\"Email*\" value=\"\" type=\"email\" name=\"your-email\" \/><\/span>\n\t\t<\/p>\n\t<\/div>\n\t<div class=\"col-md-12\">\n\t\t<p><span class=\"wpcf7-form-control-wrap\" data-name=\"your-message\"><textarea cols=\"40\" rows=\"10\" maxlength=\"2000\" class=\"wpcf7-form-control wpcf7-textarea\" aria-invalid=\"false\" placeholder=\"Message\" name=\"your-message\"><\/textarea><\/span>\n\t\t<\/p>\n\t<\/div>\n\t<div class=\"col-md-12\">\n\t\t<p><input class=\"wpcf7-form-control wpcf7-submit has-spinner\" type=\"submit\" value=\"Send Message\" \/>\n\t\t<\/p>\n\t<\/div>\n<\/div><div class=\"wpcf7-response-output\" aria-hidden=\"true\"><\/div>\n<input type=\"hidden\" name=\"trp-form-language\" value=\"en\"\/><\/form>\n<\/div>\n<\/div><!-- .contact-form --><\/div><!-- .contact-form-wrapper -->\t\t\t\t<\/div>\n\t\t\t\t<\/div>\n\t\t\t\t<\/div>\n\t\t<div class=\"elementor-element elementor-element-710d828d e-flex e-con-boxed e-con e-child\" data-id=\"710d828d\" data-element_type=\"container\">\n\t\t\t\t\t<div class=\"e-con-inner\">\n\t\t<div class=\"elementor-element elementor-element-69bb496c e-con-full e-flex e-con e-child\" data-id=\"69bb496c\" data-element_type=\"container\">\n\t\t<div class=\"elementor-element elementor-element-682c8c95 e-con-full e-flex e-con e-child\" data-id=\"682c8c95\" data-element_type=\"container\">\n\t\t\t\t<div class=\"elementor-element elementor-element-114f795f elementor-widget elementor-widget-google_maps\" data-id=\"114f795f\" data-element_type=\"widget\" data-widget_type=\"google_maps.default\">\n\t\t\t\t<div class=\"elementor-widget-container\">\n\t\t\t\t\t\t\t<div class=\"elementor-custom-embed\">\n\t\t\t<iframe loading=\"lazy\"\n\t\t\t\t\tsrc=\"https:\/\/maps.google.com\/maps?q=Bosque%20de%20Duraznos%2061%20INT%209C%20Bosque%20de%20las%20Lomas%2011700%2C%20Ciudad%20de%20M%C3%A9xico%20M%C3%A9xico%20&#038;t=m&#038;z=12&#038;output=embed&#038;iwloc=near\"\n\t\t\t\t\ttitle=\"Bosque de Duraznos 61 INT 9C Bosque de las Lomas 11700, Ciudad de M\u00e9xico M\u00e9xico \"\n\t\t\t\t\taria-label=\"Bosque de Duraznos 61 INT 9C Bosque de las Lomas 11700, Ciudad de M\u00e9xico M\u00e9xico \"\n\t\t\t><\/iframe>\n\t\t<\/div>\n\t\t\t\t\t\t<\/div>\n\t\t\t\t<\/div>\n\t\t\t\t<\/div>\n\t\t\t\t<\/div>\n\t\t\t\t\t<\/div>\n\t\t\t\t<\/div>\n\t\t\t\t\t<\/div>\n\t\t\t\t<\/div>\n\t\t\t\t\t<\/div>\n\t\t\t\t<\/div>\n\t\t\t\t<\/div>","protected":false},"excerpt":{"rendered":"<p>01 Correo contacto@gemex.mx 02 Ubicaci\u00f3n Bosque de Duraznos 61 INT 9C Bosque de las Lomas 11700, Ciudad de M\u00e9xico M\u00e9xico 03 Telefono (+52) 55 6599 0600 Si..<\/p>","protected":false},"author":1,"featured_media":0,"parent":0,"menu_order":0,"comment_status":"closed","ping_status":"closed","template":"","meta":{"footnotes":""},"class_list":["post-82621","page","type-page","status-publish","hentry"],"yoast_head":"<!-- This site is optimized with the Yoast SEO plugin v25.8 - https:\/\/yoast.com\/wordpress\/plugins\/seo\/ -->\n<title>Contactanos - Gemex<\/title>\n<meta name=\"robots\" content=\"index, follow, max-snippet:-1, max-image-preview:large, max-video-preview:-1\" \/>\n<link rel=\"canonical\" href=\"https:\/\/gemex.mx\/en\/contactanos\/\" \/>\n<meta property=\"og:locale\" content=\"en_US\" \/>\n<meta property=\"og:type\" content=\"article\" \/>\n<meta property=\"og:title\" content=\"Contactanos - Gemex\" \/>\n<meta property=\"og:description\" content=\"01 Correo contacto@gemex.mx 02 Ubicaci\u00f3n Bosque de Duraznos 61 INT 9C Bosque de las Lomas 11700, Ciudad de M\u00e9xico M\u00e9xico 03 Telefono (+52) 55 6599 0600 Si..\" \/>\n<meta property=\"og:url\" content=\"https:\/\/gemex.mx\/en\/contactanos\/\" \/>\n<meta property=\"og:site_name\" content=\"Gemex\" \/>\n<meta property=\"article:modified_time\" content=\"2025-12-01T21:29:29+00:00\" \/>\n<meta property=\"og:image\" content=\"https:\/\/gemex.mx\/wp-content\/uploads\/2024\/09\/mail-icon-80x80.png\" \/>\n<meta name=\"twitter:card\" content=\"summary_large_image\" \/>\n<meta name=\"twitter:label1\" content=\"Est. reading time\" \/>\n\t<meta name=\"twitter:data1\" content=\"1 minute\" \/>\n<script type=\"application\/ld+json\" class=\"yoast-schema-graph\">{\"@context\":\"https:\/\/schema.org\",\"@graph\":[{\"@type\":\"WebPage\",\"@id\":\"https:\/\/gemex.mx\/contactanos\/\",\"url\":\"https:\/\/gemex.mx\/contactanos\/\",\"name\":\"Contactanos - Gemex\",\"isPartOf\":{\"@id\":\"https:\/\/gemex.mx\/#website\"},\"primaryImageOfPage\":{\"@id\":\"https:\/\/gemex.mx\/contactanos\/#primaryimage\"},\"image\":{\"@id\":\"https:\/\/gemex.mx\/contactanos\/#primaryimage\"},\"thumbnailUrl\":\"https:\/\/gemex.mx\/wp-content\/uploads\/2024\/09\/mail-icon-80x80.png\",\"datePublished\":\"2024-07-04T09:33:43+00:00\",\"dateModified\":\"2025-12-01T21:29:29+00:00\",\"breadcrumb\":{\"@id\":\"https:\/\/gemex.mx\/contactanos\/#breadcrumb\"},\"inLanguage\":\"en-US\",\"potentialAction\":[{\"@type\":\"ReadAction\",\"target\":[\"https:\/\/gemex.mx\/contactanos\/\"]}]},{\"@type\":\"ImageObject\",\"inLanguage\":\"en-US\",\"@id\":\"https:\/\/gemex.mx\/contactanos\/#primaryimage\",\"url\":\"https:\/\/gemex.mx\/wp-content\/uploads\/2024\/09\/mail-icon-80x80.png\",\"contentUrl\":\"https:\/\/gemex.mx\/wp-content\/uploads\/2024\/09\/mail-icon-80x80.png\"},{\"@type\":\"BreadcrumbList\",\"@id\":\"https:\/\/gemex.mx\/contactanos\/#breadcrumb\",\"itemListElement\":[{\"@type\":\"ListItem\",\"position\":1,\"name\":\"Inicio\",\"item\":\"https:\/\/gemex.mx\/\"},{\"@type\":\"ListItem\",\"position\":2,\"name\":\"Contactanos\"}]},{\"@type\":\"WebSite\",\"@id\":\"https:\/\/gemex.mx\/#website\",\"url\":\"https:\/\/gemex.mx\/\",\"name\":\"Gemex\",\"description\":\"\",\"publisher\":{\"@id\":\"https:\/\/gemex.mx\/#organization\"},\"potentialAction\":[{\"@type\":\"SearchAction\",\"target\":{\"@type\":\"EntryPoint\",\"urlTemplate\":\"https:\/\/gemex.mx\/?s={search_term_string}\"},\"query-input\":{\"@type\":\"PropertyValueSpecification\",\"valueRequired\":true,\"valueName\":\"search_term_string\"}}],\"inLanguage\":\"en-US\"},{\"@type\":\"Organization\",\"@id\":\"https:\/\/gemex.mx\/#organization\",\"name\":\"Gemex\",\"url\":\"https:\/\/gemex.mx\/\",\"logo\":{\"@type\":\"ImageObject\",\"inLanguage\":\"en-US\",\"@id\":\"https:\/\/gemex.mx\/#\/schema\/logo\/image\/\",\"url\":\"https:\/\/dev.gemex.mx\/wp-content\/uploads\/2024\/09\/logo.webp\",\"contentUrl\":\"https:\/\/dev.gemex.mx\/wp-content\/uploads\/2024\/09\/logo.webp\",\"width\":159,\"height\":48,\"caption\":\"Gemex\"},\"image\":{\"@id\":\"https:\/\/gemex.mx\/#\/schema\/logo\/image\/\"}}]}<\/script>\n<!-- \/ Yoast SEO plugin. -->","yoast_head_json":{"title":"Contactanos - Gemex","robots":{"index":"index","follow":"follow","max-snippet":"max-snippet:-1","max-image-preview":"max-image-preview:large","max-video-preview":"max-video-preview:-1"},"canonical":"https:\/\/gemex.mx\/en\/contactanos\/","og_locale":"en_US","og_type":"article","og_title":"Contactanos - Gemex","og_description":"01 Correo contacto@gemex.mx 02 Ubicaci\u00f3n Bosque de Duraznos 61 INT 9C Bosque de las Lomas 11700, Ciudad de M\u00e9xico M\u00e9xico 03 Telefono (+52) 55 6599 0600 Si..","og_url":"https:\/\/gemex.mx\/en\/contactanos\/","og_site_name":"Gemex","article_modified_time":"2025-12-01T21:29:29+00:00","og_image":[{"url":"https:\/\/gemex.mx\/wp-content\/uploads\/2024\/09\/mail-icon-80x80.png","type":"","width":"","height":""}],"twitter_card":"summary_large_image","twitter_misc":{"Est. reading time":"1 minute"},"schema":{"@context":"https:\/\/schema.org","@graph":[{"@type":"WebPage","@id":"https:\/\/gemex.mx\/contactanos\/","url":"https:\/\/gemex.mx\/contactanos\/","name":"Contactanos - Gemex","isPartOf":{"@id":"https:\/\/gemex.mx\/#website"},"primaryImageOfPage":{"@id":"https:\/\/gemex.mx\/contactanos\/#primaryimage"},"image":{"@id":"https:\/\/gemex.mx\/contactanos\/#primaryimage"},"thumbnailUrl":"https:\/\/gemex.mx\/wp-content\/uploads\/2024\/09\/mail-icon-80x80.png","datePublished":"2024-07-04T09:33:43+00:00","dateModified":"2025-12-01T21:29:29+00:00","breadcrumb":{"@id":"https:\/\/gemex.mx\/contactanos\/#breadcrumb"},"inLanguage":"en-US","potentialAction":[{"@type":"ReadAction","target":["https:\/\/gemex.mx\/contactanos\/"]}]},{"@type":"ImageObject","inLanguage":"en-US","@id":"https:\/\/gemex.mx\/contactanos\/#primaryimage","url":"https:\/\/gemex.mx\/wp-content\/uploads\/2024\/09\/mail-icon-80x80.png","contentUrl":"https:\/\/gemex.mx\/wp-content\/uploads\/2024\/09\/mail-icon-80x80.png"},{"@type":"BreadcrumbList","@id":"https:\/\/gemex.mx\/contactanos\/#breadcrumb","itemListElement":[{"@type":"ListItem","position":1,"name":"Inicio","item":"https:\/\/gemex.mx\/"},{"@type":"ListItem","position":2,"name":"Contactanos"}]},{"@type":"WebSite","@id":"https:\/\/gemex.mx\/#website","url":"https:\/\/gemex.mx\/","name":"Gemex","description":"","publisher":{"@id":"https:\/\/gemex.mx\/#organization"},"potentialAction":[{"@type":"SearchAction","target":{"@type":"EntryPoint","urlTemplate":"https:\/\/gemex.mx\/?s={search_term_string}"},"query-input":{"@type":"PropertyValueSpecification","valueRequired":true,"valueName":"search_term_string"}}],"inLanguage":"en-US"},{"@type":"Organization","@id":"https:\/\/gemex.mx\/#organization","name":"Gemex","url":"https:\/\/gemex.mx\/","logo":{"@type":"ImageObject","inLanguage":"en-US","@id":"https:\/\/gemex.mx\/#\/schema\/logo\/image\/","url":"https:\/\/dev.gemex.mx\/wp-content\/uploads\/2024\/09\/logo.webp","contentUrl":"https:\/\/dev.gemex.mx\/wp-content\/uploads\/2024\/09\/logo.webp","width":159,"height":48,"caption":"Gemex"},"image":{"@id":"https:\/\/gemex.mx\/#\/schema\/logo\/image\/"}}]}},"_links":{"self":[{"href":"https:\/\/gemex.mx\/en\/wp-json\/wp\/v2\/pages\/82621","targetHints":{"allow":["GET"]}}],"collection":[{"href":"https:\/\/gemex.mx\/en\/wp-json\/wp\/v2\/pages"}],"about":[{"href":"https:\/\/gemex.mx\/en\/wp-json\/wp\/v2\/types\/page"}],"author":[{"embeddable":true,"href":"https:\/\/gemex.mx\/en\/wp-json\/wp\/v2\/users\/1"}],"replies":[{"embeddable":true,"href":"https:\/\/gemex.mx\/en\/wp-json\/wp\/v2\/comments?post=82621"}],"version-history":[{"count":23,"href":"https:\/\/gemex.mx\/en\/wp-json\/wp\/v2\/pages\/82621\/revisions"}],"predecessor-version":[{"id":90336,"href":"https:\/\/gemex.mx\/en\/wp-json\/wp\/v2\/pages\/82621\/revisions\/90336"}],"wp:attachment":[{"href":"https:\/\/gemex.mx\/en\/wp-json\/wp\/v2\/media?parent=82621"}],"curies":[{"name":"wp","href":"https:\/\/api.w.org\/{rel}","templated":true}]}}